{"id":719992,"date":"2023-10-30T16:40:04","date_gmt":"2023-10-30T12:40:04","guid":{"rendered":"https:\/\/lingoflow.org\/?page_id=719992"},"modified":"2025-12-30T14:17:09","modified_gmt":"2025-12-30T10:17:09","slug":"cursos-de-ingles","status":"publish","type":"page","link":"https:\/\/lingoflow.org\/es\/cursos-de-ingles\/","title":{"rendered":"Cursos de Ingl\u00e9s"},"content":{"rendered":"<div data-elementor-type=\"wp-page\" data-elementor-id=\"719992\" class=\"elementor elementor-719992 elementor-27316\" data-elementor-post-type=\"page\">\n\t\t\t\t<div class=\"elementor-element elementor-element-7f269c0b e-con-full e-flex e-con e-parent\" data-id=\"7f269c0b\" data-element_type=\"container\" data-settings=\"{&quot;background_background&quot;:&quot;classic&quot;,&quot;background_motion_fx_motion_fx_mouse&quot;:&quot;yes&quot;,&quot;background_motion_fx_mouseTrack_effect&quot;:&quot;yes&quot;,&quot;background_motion_fx_mouseTrack_speed&quot;:{&quot;unit&quot;:&quot;px&quot;,&quot;size&quot;:0.5,&quot;sizes&quot;:[]},&quot;animation&quot;:&quot;none&quot;}\">\n\t\t<div class=\"elementor-element elementor-element-5e3e1307 e-con-full e-flex e-con e-child\" data-id=\"5e3e1307\" data-element_type=\"container\" data-settings=\"{&quot;background_background&quot;:&quot;classic&quot;}\">\n\t\t\t\t<div class=\"elementor-element elementor-element-7bfd5abf elementor-icon-list--layout-inline elementor-align-left elementor-list-item-link-full_width elementor-invisible elementor-widget elementor-widget-icon-list\" data-id=\"7bfd5abf\" data-element_type=\"widget\" data-settings=\"{&quot;_animation&quot;:&quot;edublink--slide-down&quot;}\" data-widget_type=\"icon-list.default\">\n\t\t\t\t<div class=\"elementor-widget-container\">\n\t\t\t\t\t\t\t<ul class=\"elementor-icon-list-items elementor-inline-items\">\n\t\t\t\t\t\t\t<li class=\"elementor-icon-list-item elementor-inline-item\">\n\t\t\t\t\t\t\t\t\t\t\t<a href=\"https:\/\/lingoflow.org\/es\">\n\n\t\t\t\t\t\t\t\t\t\t\t<span class=\"elementor-icon-list-text\">Home<\/span>\n\t\t\t\t\t\t\t\t\t\t\t<\/a>\n\t\t\t\t\t\t\t\t\t<\/li>\n\t\t\t\t\t\t\t\t<li class=\"elementor-icon-list-item elementor-inline-item\">\n\t\t\t\t\t\t\t\t\t\t<span class=\"elementor-icon-list-text\">\/<\/span>\n\t\t\t\t\t\t\t\t\t<\/li>\n\t\t\t\t\t\t\t\t<li class=\"elementor-icon-list-item elementor-inline-item\">\n\t\t\t\t\t\t\t\t\t\t<span class=\"elementor-icon-list-text\">Courses<\/span>\n\t\t\t\t\t\t\t\t\t<\/li>\n\t\t\t\t\t\t<\/ul>\n\t\t\t\t\t\t<\/div>\n\t\t\t\t<\/div>\n\t\t\t\t<\/div>\n\t\t\t\t<\/div>\n\t\t<div class=\"elementor-element elementor-element-425943b8 e-con-full e-flex e-con e-parent\" data-id=\"425943b8\" data-element_type=\"container\">\n\t\t<div class=\"elementor-element elementor-element-7aade452 e-grid e-con-full e-con e-child\" data-id=\"7aade452\" data-element_type=\"container\">\n\t\t<div class=\"elementor-element elementor-element-1dd18083 e-con-full e-flex e-con e-child\" data-id=\"1dd18083\" data-element_type=\"container\" data-settings=\"{&quot;background_background&quot;:&quot;classic&quot;}\">\n\t\t<div class=\"elementor-element elementor-element-537820a4 e-con-full e-flex e-con e-child\" data-id=\"537820a4\" data-element_type=\"container\">\n\t\t\t\t<div class=\"elementor-element elementor-element-41991bb4 elementor-widget elementor-widget-button\" data-id=\"41991bb4\" data-element_type=\"widget\" data-widget_type=\"button.default\">\n\t\t\t\t<div class=\"elementor-widget-container\">\n\t\t\t\t\t\t\t\t\t<div class=\"elementor-button-wrapper\">\n\t\t\t\t\t<a class=\"elementor-button elementor-button-link elementor-size-sm\" href=\"#\">\n\t\t\t\t\t\t<span class=\"elementor-button-content-wrapper\">\n\t\t\t\t\t\t\t\t\t<span class=\"elementor-button-text\">online<\/span>\n\t\t\t\t\t<\/span>\n\t\t\t\t\t<\/a>\n\t\t\t\t<\/div>\n\t\t\t\t\t\t\t\t<\/div>\n\t\t\t\t<\/div>\n\t\t\t\t<\/div>\n\t\t\t\t<div class=\"elementor-element elementor-element-1251699 elementor-widget__width-inherit elementor-widget elementor-widget-heading\" data-id=\"1251699\" data-element_type=\"widget\" data-widget_type=\"heading.default\">\n\t\t\t\t<div class=\"elementor-widget-container\">\n\t\t\t\t\t<h2 class=\"elementor-heading-title elementor-size-default\">Curso de Ingl\u00e9s General<\/h2>\t\t\t\t<\/div>\n\t\t\t\t<\/div>\n\t\t\t\t<div class=\"elementor-element elementor-element-7c48799 elementor-widget__width-inherit limited-text-2 elementor-widget elementor-widget-text-editor\" data-id=\"7c48799\" data-element_type=\"widget\" data-widget_type=\"text-editor.default\">\n\t\t\t\t<div class=\"elementor-widget-container\">\n\t\t\t\t\t\t\t\t\t<p>El curso de Ingl\u00e9s General es el programa principal y m\u00e1s completo de LingoFlow, que abarca todos los componentes del idioma: expresi\u00f3n oral, comprensi\u00f3n auditiva, lectura, escritura, gram\u00e1tica y vocabulario.<\/p>\t\t\t\t\t\t\t\t<\/div>\n\t\t\t\t<\/div>\n\t\t\t\t<div class=\"elementor-element elementor-element-2cc869b4 elementor-widget elementor-widget-tp-button\" data-id=\"2cc869b4\" data-element_type=\"widget\" data-widget_type=\"tp-button.default\">\n\t\t\t\t<div class=\"elementor-widget-container\">\n\t\t\t\t\t<div class=\"pt-plus-button-wrapper   text-center\"><div class=\"button_parallax\"><div id=\"button69d311704cc1d\"  class=\"text-center ts-button content_hover_effect\" ><div class=\"pt_plus_button btn69d311704cc1c button-style-9\"  ><div class=\"animted-content-inner\"><a href=\"\/es\/courses\/general\/\" class=\"button-link-wrap\" role=\"button\" data-hover=\"Learn More\"  >Learn More<span class=\"btn-arrow\"><i class=\"fa-show fas fa-chevron-right\" aria-hidden=\"true\"><\/i><i class=\"fa-hide fas fa-chevron-right\" aria-hidden=\"true\"><\/i><\/span><\/a><\/div><\/div><\/div><\/div><\/div>\t\t\t\t<\/div>\n\t\t\t\t<\/div>\n\t\t\t\t<\/div>\n\t\t<div class=\"elementor-element elementor-element-55f0a7a7 e-con-full e-flex e-con e-child\" data-id=\"55f0a7a7\" data-element_type=\"container\" data-settings=\"{&quot;background_background&quot;:&quot;classic&quot;}\">\n\t\t<div class=\"elementor-element elementor-element-52e93ed3 e-con-full e-flex e-con e-child\" data-id=\"52e93ed3\" data-element_type=\"container\">\n\t\t<div class=\"elementor-element elementor-element-253445f e-con-full e-flex e-con e-child\" data-id=\"253445f\" data-element_type=\"container\">\n\t\t\t\t<div class=\"elementor-element elementor-element-59f3ccc elementor-widget elementor-widget-button\" data-id=\"59f3ccc\" data-element_type=\"widget\" data-widget_type=\"button.default\">\n\t\t\t\t<div class=\"elementor-widget-container\">\n\t\t\t\t\t\t\t\t\t<div class=\"elementor-button-wrapper\">\n\t\t\t\t\t<a class=\"elementor-button elementor-button-link elementor-size-sm\" href=\"#\">\n\t\t\t\t\t\t<span class=\"elementor-button-content-wrapper\">\n\t\t\t\t\t\t\t\t\t<span class=\"elementor-button-text\">online<\/span>\n\t\t\t\t\t<\/span>\n\t\t\t\t\t<\/a>\n\t\t\t\t<\/div>\n\t\t\t\t\t\t\t\t<\/div>\n\t\t\t\t<\/div>\n\t\t\t\t<\/div>\n\t\t\t\t<\/div>\n\t\t\t\t<div class=\"elementor-element elementor-element-7a371ffa elementor-widget__width-inherit elementor-widget elementor-widget-heading\" data-id=\"7a371ffa\" data-element_type=\"widget\" data-widget_type=\"heading.default\">\n\t\t\t\t<div class=\"elementor-widget-container\">\n\t\t\t\t\t<h2 class=\"elementor-heading-title elementor-size-default\">Curso de Conversaci\u00f3n<\/h2>\t\t\t\t<\/div>\n\t\t\t\t<\/div>\n\t\t\t\t<div class=\"elementor-element elementor-element-5c2859a4 elementor-widget__width-inherit limited-text-2 elementor-widget elementor-widget-text-editor\" data-id=\"5c2859a4\" data-element_type=\"widget\" data-widget_type=\"text-editor.default\">\n\t\t\t\t<div class=\"elementor-widget-container\">\n\t\t\t\t\t\t\t\t\t<p>uestro Curso de Conversaci\u00f3n est\u00e1 dise\u00f1ado para ayudar a los estudiantes a mejorar sus habilidades de expresi\u00f3n oral en ingl\u00e9s para fines laborales o acad\u00e9micos.<\/p>\t\t\t\t\t\t\t\t<\/div>\n\t\t\t\t<\/div>\n\t\t\t\t<div class=\"elementor-element elementor-element-35095ff elementor-widget elementor-widget-tp-button\" data-id=\"35095ff\" data-element_type=\"widget\" data-widget_type=\"tp-button.default\">\n\t\t\t\t<div class=\"elementor-widget-container\">\n\t\t\t\t\t<div class=\"pt-plus-button-wrapper   text-center\"><div class=\"button_parallax\"><div id=\"button69d311704d7b2\"  class=\"text-center ts-button content_hover_effect\" ><div class=\"pt_plus_button btn69d311704d7b0 button-style-9\"  ><div class=\"animted-content-inner\"><a href=\"\/es\/courses\/speaking\/\" class=\"button-link-wrap\" role=\"button\" data-hover=\"Learn More\"  >Learn More<span class=\"btn-arrow\"><i class=\"fa-show fas fa-chevron-right\" aria-hidden=\"true\"><\/i><i class=\"fa-hide fas fa-chevron-right\" aria-hidden=\"true\"><\/i><\/span><\/a><\/div><\/div><\/div><\/div><\/div>\t\t\t\t<\/div>\n\t\t\t\t<\/div>\n\t\t\t\t<\/div>\n\t\t<div class=\"elementor-element elementor-element-144b9d3d e-con-full e-flex e-con e-child\" data-id=\"144b9d3d\" data-element_type=\"container\" data-settings=\"{&quot;background_background&quot;:&quot;classic&quot;}\">\n\t\t<div class=\"elementor-element elementor-element-ad281ff e-con-full e-flex e-con e-child\" data-id=\"ad281ff\" data-element_type=\"container\">\n\t\t\t\t<div class=\"elementor-element elementor-element-66dcb13 elementor-widget elementor-widget-button\" data-id=\"66dcb13\" data-element_type=\"widget\" data-widget_type=\"button.default\">\n\t\t\t\t<div class=\"elementor-widget-container\">\n\t\t\t\t\t\t\t\t\t<div class=\"elementor-button-wrapper\">\n\t\t\t\t\t<a class=\"elementor-button elementor-button-link elementor-size-sm\" href=\"#\">\n\t\t\t\t\t\t<span class=\"elementor-button-content-wrapper\">\n\t\t\t\t\t\t\t\t\t<span class=\"elementor-button-text\">online<\/span>\n\t\t\t\t\t<\/span>\n\t\t\t\t\t<\/a>\n\t\t\t\t<\/div>\n\t\t\t\t\t\t\t\t<\/div>\n\t\t\t\t<\/div>\n\t\t\t\t<\/div>\n\t\t\t\t<div class=\"elementor-element elementor-element-6d7b9d01 elementor-widget__width-inherit elementor-widget elementor-widget-heading\" data-id=\"6d7b9d01\" data-element_type=\"widget\" data-widget_type=\"heading.default\">\n\t\t\t\t<div class=\"elementor-widget-container\">\n\t\t\t\t\t<h2 class=\"elementor-heading-title elementor-size-default\">Curso de Conversaci\u00f3n Express<\/h2>\t\t\t\t<\/div>\n\t\t\t\t<\/div>\n\t\t\t\t<div class=\"elementor-element elementor-element-54a7936c elementor-widget__width-inherit limited-text elementor-widget elementor-widget-text-editor\" data-id=\"54a7936c\" data-element_type=\"widget\" data-widget_type=\"text-editor.default\">\n\t\t\t\t<div class=\"elementor-widget-container\">\n\t\t\t\t\t\t\t\t\t<p>Es com\u00fan que a un estudiante le resulte m\u00e1s dif\u00edcil desarrollar su nivel de ingl\u00e9s hablado en comparaci\u00f3n con otros componentes del idioma.<\/p>\t\t\t\t\t\t\t\t<\/div>\n\t\t\t\t<\/div>\n\t\t\t\t<div class=\"elementor-element elementor-element-5738fdbf elementor-widget elementor-widget-tp-button\" data-id=\"5738fdbf\" data-element_type=\"widget\" data-widget_type=\"tp-button.default\">\n\t\t\t\t<div class=\"elementor-widget-container\">\n\t\t\t\t\t<div class=\"pt-plus-button-wrapper   text-center\"><div class=\"button_parallax\"><div id=\"button69d311704e327\"  class=\"text-center ts-button content_hover_effect\" ><div class=\"pt_plus_button btn69d311704e326 button-style-9\"  ><div class=\"animted-content-inner\"><a href=\"\/es\/courses\/express\/\" class=\"button-link-wrap\" role=\"button\" data-hover=\"Learn More\"  >Learn More<span class=\"btn-arrow\"><i class=\"fa-show fas fa-chevron-right\" aria-hidden=\"true\"><\/i><i class=\"fa-hide fas fa-chevron-right\" aria-hidden=\"true\"><\/i><\/span><\/a><\/div><\/div><\/div><\/div><\/div>\t\t\t\t<\/div>\n\t\t\t\t<\/div>\n\t\t\t\t<\/div>\n\t\t<div class=\"elementor-element elementor-element-170aef9e e-con-full e-flex e-con e-child\" data-id=\"170aef9e\" data-element_type=\"container\" data-settings=\"{&quot;background_background&quot;:&quot;classic&quot;}\">\n\t\t<div class=\"elementor-element elementor-element-8985935 e-con-full e-flex e-con e-child\" data-id=\"8985935\" data-element_type=\"container\">\n\t\t\t\t<div class=\"elementor-element elementor-element-c106b22 elementor-widget elementor-widget-button\" data-id=\"c106b22\" data-element_type=\"widget\" data-widget_type=\"button.default\">\n\t\t\t\t<div class=\"elementor-widget-container\">\n\t\t\t\t\t\t\t\t\t<div class=\"elementor-button-wrapper\">\n\t\t\t\t\t<a class=\"elementor-button elementor-button-link elementor-size-sm\" href=\"#\">\n\t\t\t\t\t\t<span class=\"elementor-button-content-wrapper\">\n\t\t\t\t\t\t\t\t\t<span class=\"elementor-button-text\">online<\/span>\n\t\t\t\t\t<\/span>\n\t\t\t\t\t<\/a>\n\t\t\t\t<\/div>\n\t\t\t\t\t\t\t\t<\/div>\n\t\t\t\t<\/div>\n\t\t\t\t<\/div>\n\t\t\t\t<div class=\"elementor-element elementor-element-128a2ea0 elementor-widget__width-inherit elementor-widget elementor-widget-heading\" data-id=\"128a2ea0\" data-element_type=\"widget\" data-widget_type=\"heading.default\">\n\t\t\t\t<div class=\"elementor-widget-container\">\n\t\t\t\t\t<h2 class=\"elementor-heading-title elementor-size-default\">Curso de Ingl\u00e9s Empresarial<\/h2>\t\t\t\t<\/div>\n\t\t\t\t<\/div>\n\t\t\t\t<div class=\"elementor-element elementor-element-68204dd elementor-widget__width-inherit limited-text elementor-widget elementor-widget-text-editor\" data-id=\"68204dd\" data-element_type=\"widget\" data-widget_type=\"text-editor.default\">\n\t\t\t\t<div class=\"elementor-widget-container\">\n\t\t\t\t\t\t\t\t\t<p>El curso de Ingl\u00e9s Empresarial est\u00e1 dise\u00f1ado para profesionales que buscan mejorar sus habilidades en ingl\u00e9s en un contexto de negocios.<\/p>\t\t\t\t\t\t\t\t<\/div>\n\t\t\t\t<\/div>\n\t\t\t\t<div class=\"elementor-element elementor-element-dded6d0 elementor-widget elementor-widget-tp-button\" data-id=\"dded6d0\" data-element_type=\"widget\" data-widget_type=\"tp-button.default\">\n\t\t\t\t<div class=\"elementor-widget-container\">\n\t\t\t\t\t<div class=\"pt-plus-button-wrapper   text-center\"><div class=\"button_parallax\"><div id=\"button69d311704ee34\"  class=\"text-center ts-button content_hover_effect\" ><div class=\"pt_plus_button btn69d311704ee33 button-style-9\"  ><div class=\"animted-content-inner\"><a href=\"\/es\/courses\/business\/\" class=\"button-link-wrap\" role=\"button\" data-hover=\"Learn More\"  >Learn More<span class=\"btn-arrow\"><i class=\"fa-show fas fa-chevron-right\" aria-hidden=\"true\"><\/i><i class=\"fa-hide fas fa-chevron-right\" aria-hidden=\"true\"><\/i><\/span><\/a><\/div><\/div><\/div><\/div><\/div>\t\t\t\t<\/div>\n\t\t\t\t<\/div>\n\t\t\t\t<\/div>\n\t\t<div class=\"elementor-element elementor-element-529f0949 e-con-full e-flex e-con e-child\" data-id=\"529f0949\" data-element_type=\"container\" data-settings=\"{&quot;background_background&quot;:&quot;classic&quot;}\">\n\t\t<div class=\"elementor-element elementor-element-c11fd46 e-con-full e-flex e-con e-child\" data-id=\"c11fd46\" data-element_type=\"container\">\n\t\t\t\t<div class=\"elementor-element elementor-element-0a0c3c6 elementor-widget elementor-widget-button\" data-id=\"0a0c3c6\" data-element_type=\"widget\" data-widget_type=\"button.default\">\n\t\t\t\t<div class=\"elementor-widget-container\">\n\t\t\t\t\t\t\t\t\t<div class=\"elementor-button-wrapper\">\n\t\t\t\t\t<a class=\"elementor-button elementor-button-link elementor-size-sm\" href=\"#\">\n\t\t\t\t\t\t<span class=\"elementor-button-content-wrapper\">\n\t\t\t\t\t\t\t\t\t<span class=\"elementor-button-text\">online<\/span>\n\t\t\t\t\t<\/span>\n\t\t\t\t\t<\/a>\n\t\t\t\t<\/div>\n\t\t\t\t\t\t\t\t<\/div>\n\t\t\t\t<\/div>\n\t\t\t\t<\/div>\n\t\t\t\t<div class=\"elementor-element elementor-element-68f0c5b4 elementor-widget__width-inherit elementor-widget elementor-widget-heading\" data-id=\"68f0c5b4\" data-element_type=\"widget\" data-widget_type=\"heading.default\">\n\t\t\t\t<div class=\"elementor-widget-container\">\n\t\t\t\t\t<h2 class=\"elementor-heading-title elementor-size-default\">Curso de Conversaci\u00f3n Empresarial<\/h2>\t\t\t\t<\/div>\n\t\t\t\t<\/div>\n\t\t\t\t<div class=\"elementor-element elementor-element-5d3db1fb elementor-widget__width-inherit limited-text elementor-widget elementor-widget-text-editor\" data-id=\"5d3db1fb\" data-element_type=\"widget\" data-widget_type=\"text-editor.default\">\n\t\t\t\t<div class=\"elementor-widget-container\">\n\t\t\t\t\t\t\t\t\t<p>El Curso de Conversaci\u00f3n en Negocios es un curso r\u00e1pido de ingl\u00e9s dise\u00f1ado para personas ocupadas que desean desarrollar habilidades esenciales para el \u00e1mbito empresarial junto con su dominio del idioma ingl\u00e9s.<\/p>\t\t\t\t\t\t\t\t<\/div>\n\t\t\t\t<\/div>\n\t\t\t\t<div class=\"elementor-element elementor-element-62e2deb0 elementor-widget elementor-widget-tp-button\" data-id=\"62e2deb0\" data-element_type=\"widget\" data-widget_type=\"tp-button.default\">\n\t\t\t\t<div class=\"elementor-widget-container\">\n\t\t\t\t\t<div class=\"pt-plus-button-wrapper   text-center\"><div class=\"button_parallax\"><div id=\"button69d311704f953\"  class=\"text-center ts-button content_hover_effect\" ><div class=\"pt_plus_button btn69d311704f952 button-style-9\"  ><div class=\"animted-content-inner\"><a href=\"\/es\/courses\/express-business\/\" class=\"button-link-wrap\" role=\"button\" data-hover=\"Learn More\"  >Learn More<span class=\"btn-arrow\"><i class=\"fa-show fas fa-chevron-right\" aria-hidden=\"true\"><\/i><i class=\"fa-hide fas fa-chevron-right\" aria-hidden=\"true\"><\/i><\/span><\/a><\/div><\/div><\/div><\/div><\/div>\t\t\t\t<\/div>\n\t\t\t\t<\/div>\n\t\t\t\t<\/div>\n\t\t\t\t<\/div>\n\t\t\t\t<\/div>\n\t\t\t\t<\/div>","protected":false},"excerpt":{"rendered":"<p>Home \/ Courses online Curso de Ingl\u00e9s General El curso de Ingl\u00e9s General es el programa principal y m\u00e1s completo de LingoFlow, que abarca todos los componentes del idioma: expresi\u00f3n oral, comprensi\u00f3n auditiva, lectura, escritura, gram\u00e1tica y vocabulario. Learn More online Curso de Conversaci\u00f3n uestro Curso de Conversaci\u00f3n est\u00e1 dise\u00f1ado para ayudar a los estudiantes&#8230;<\/p>","protected":false},"author":4,"featured_media":0,"parent":0,"menu_order":0,"comment_status":"closed","ping_status":"closed","template":"elementor_header_footer","meta":{"_acf_changed":false,"footnotes":""},"class_list":["post-719992","page","type-page","status-publish","hentry"],"acf":[],"_hostinger_reach_plugin_has_subscription_block":false,"_hostinger_reach_plugin_is_elementor":false,"_links":{"self":[{"href":"https:\/\/lingoflow.org\/es\/wp-json\/wp\/v2\/pages\/719992","targetHints":{"allow":["GET"]}}],"collection":[{"href":"https:\/\/lingoflow.org\/es\/wp-json\/wp\/v2\/pages"}],"about":[{"href":"https:\/\/lingoflow.org\/es\/wp-json\/wp\/v2\/types\/page"}],"author":[{"embeddable":true,"href":"https:\/\/lingoflow.org\/es\/wp-json\/wp\/v2\/users\/4"}],"replies":[{"embeddable":true,"href":"https:\/\/lingoflow.org\/es\/wp-json\/wp\/v2\/comments?post=719992"}],"version-history":[{"count":19,"href":"https:\/\/lingoflow.org\/es\/wp-json\/wp\/v2\/pages\/719992\/revisions"}],"predecessor-version":[{"id":971506,"href":"https:\/\/lingoflow.org\/es\/wp-json\/wp\/v2\/pages\/719992\/revisions\/971506"}],"wp:attachment":[{"href":"https:\/\/lingoflow.org\/es\/wp-json\/wp\/v2\/media?parent=719992"}],"curies":[{"name":"wp","href":"https:\/\/api.w.org\/{rel}","templated":true}]}}