{"id":720200,"date":"2023-10-30T16:40:04","date_gmt":"2023-10-30T12:40:04","guid":{"rendered":"https:\/\/lingoflow.org\/?page_id=720200"},"modified":"2026-02-26T09:45:37","modified_gmt":"2026-02-26T05:45:37","slug":"english-courses","status":"publish","type":"page","link":"https:\/\/lingoflow.org\/fr\/english-courses\/","title":{"rendered":"Cours d&#8217;Anglais"},"content":{"rendered":"<div data-elementor-type=\"wp-page\" data-elementor-id=\"720200\" class=\"elementor elementor-720200 elementor-27316\" data-elementor-post-type=\"page\">\n\t\t\t\t<div class=\"elementor-element elementor-element-7f269c0b e-con-full e-flex e-con e-parent\" data-id=\"7f269c0b\" data-element_type=\"container\" data-settings=\"{&quot;background_background&quot;:&quot;classic&quot;,&quot;background_motion_fx_motion_fx_mouse&quot;:&quot;yes&quot;,&quot;background_motion_fx_mouseTrack_effect&quot;:&quot;yes&quot;,&quot;background_motion_fx_mouseTrack_speed&quot;:{&quot;unit&quot;:&quot;px&quot;,&quot;size&quot;:0.5,&quot;sizes&quot;:[]},&quot;animation&quot;:&quot;none&quot;}\">\n\t\t<div class=\"elementor-element elementor-element-5e3e1307 e-con-full e-flex e-con e-child\" data-id=\"5e3e1307\" data-element_type=\"container\" data-settings=\"{&quot;background_background&quot;:&quot;classic&quot;}\">\n\t\t\t\t<div class=\"elementor-element elementor-element-7bfd5abf elementor-icon-list--layout-inline elementor-align-left elementor-list-item-link-full_width elementor-invisible elementor-widget elementor-widget-icon-list\" data-id=\"7bfd5abf\" data-element_type=\"widget\" data-settings=\"{&quot;_animation&quot;:&quot;edublink--slide-down&quot;}\" data-widget_type=\"icon-list.default\">\n\t\t\t\t<div class=\"elementor-widget-container\">\n\t\t\t\t\t\t\t<ul class=\"elementor-icon-list-items elementor-inline-items\">\n\t\t\t\t\t\t\t<li class=\"elementor-icon-list-item elementor-inline-item\">\n\t\t\t\t\t\t\t\t\t\t\t<a href=\"https:\/\/lingoflow.org\/fr\">\n\n\t\t\t\t\t\t\t\t\t\t\t<span class=\"elementor-icon-list-text\">Home<\/span>\n\t\t\t\t\t\t\t\t\t\t\t<\/a>\n\t\t\t\t\t\t\t\t\t<\/li>\n\t\t\t\t\t\t\t\t<li class=\"elementor-icon-list-item elementor-inline-item\">\n\t\t\t\t\t\t\t\t\t\t<span class=\"elementor-icon-list-text\">\/<\/span>\n\t\t\t\t\t\t\t\t\t<\/li>\n\t\t\t\t\t\t\t\t<li class=\"elementor-icon-list-item elementor-inline-item\">\n\t\t\t\t\t\t\t\t\t\t<span class=\"elementor-icon-list-text\">Courses<\/span>\n\t\t\t\t\t\t\t\t\t<\/li>\n\t\t\t\t\t\t<\/ul>\n\t\t\t\t\t\t<\/div>\n\t\t\t\t<\/div>\n\t\t\t\t<\/div>\n\t\t\t\t<\/div>\n\t\t<div class=\"elementor-element elementor-element-b9dcd4b e-flex e-con-boxed elementor-invisible e-con e-parent\" data-id=\"b9dcd4b\" data-element_type=\"container\" data-settings=\"{&quot;animation&quot;:&quot;edublink--slide-up&quot;,&quot;background_background&quot;:&quot;classic&quot;}\">\n\t\t\t\t\t<div class=\"e-con-inner\">\n\t\t\t\t<div class=\"elementor-element elementor-element-1fcf5fa elementor-widget__width-inherit elementor-arrows-position-inside elementor-widget elementor-widget-n-carousel\" data-id=\"1fcf5fa\" data-element_type=\"widget\" data-settings=\"{&quot;carousel_items&quot;:[{&quot;slide_title&quot;:&quot;\\u10d6\\u10dd\\u10d2\\u10d0\\u10d3\\u10d8 \\u10d8\\u10dc\\u10d2\\u10da\\u10d8\\u10e1\\u10e3\\u10e0\\u10d8\\u10e1 \\u10d9\\u10e3\\u10e0\\u10e1\\u10d8&quot;,&quot;_id&quot;:&quot;91c27ad&quot;},{&quot;slide_title&quot;:&quot;Slide #2&quot;,&quot;_id&quot;:&quot;9639512&quot;},{&quot;slide_title&quot;:&quot;Slide #3&quot;,&quot;_id&quot;:&quot;db42b9b&quot;},{&quot;_id&quot;:&quot;843a0d2&quot;,&quot;slide_title&quot;:&quot;Slide #4&quot;},{&quot;_id&quot;:&quot;169d507&quot;,&quot;slide_title&quot;:&quot;Slide #5&quot;}],&quot;slides_to_show&quot;:&quot;5&quot;,&quot;slides_to_show_tablet_extra&quot;:&quot;3&quot;,&quot;slides_to_show_tablet&quot;:&quot;3&quot;,&quot;slides_to_show_mobile_extra&quot;:&quot;2&quot;,&quot;image_spacing_custom&quot;:{&quot;unit&quot;:&quot;px&quot;,&quot;size&quot;:&quot;&quot;,&quot;sizes&quot;:[]},&quot;slides_to_show_mobile&quot;:&quot;1&quot;,&quot;autoplay&quot;:&quot;yes&quot;,&quot;autoplay_speed&quot;:5000,&quot;pause_on_hover&quot;:&quot;yes&quot;,&quot;pause_on_interaction&quot;:&quot;yes&quot;,&quot;infinite&quot;:&quot;yes&quot;,&quot;speed&quot;:500,&quot;offset_sides&quot;:&quot;none&quot;,&quot;arrows&quot;:&quot;yes&quot;,&quot;image_spacing_custom_tablet_extra&quot;:{&quot;unit&quot;:&quot;px&quot;,&quot;size&quot;:&quot;&quot;,&quot;sizes&quot;:[]},&quot;image_spacing_custom_tablet&quot;:{&quot;unit&quot;:&quot;px&quot;,&quot;size&quot;:&quot;&quot;,&quot;sizes&quot;:[]},&quot;image_spacing_custom_mobile_extra&quot;:{&quot;unit&quot;:&quot;px&quot;,&quot;size&quot;:&quot;&quot;,&quot;sizes&quot;:[]},&quot;image_spacing_custom_mobile&quot;:{&quot;unit&quot;:&quot;px&quot;,&quot;size&quot;:&quot;&quot;,&quot;sizes&quot;:[]}}\" data-widget_type=\"nested-carousel.default\">\n\t\t\t\t<div class=\"elementor-widget-container\">\n\t\t\t\t\t\t\t<div class=\"e-n-carousel swiper\" role=\"region\" aria-roledescription=\"carousel\" aria-label=\"Carousel\" dir=\"ltr\">\n\t\t\t<div class=\"swiper-wrapper\" aria-live=\"off\">\n\t\t\t\t\t\t\t\t\t\t<div class=\"swiper-slide\" data-slide=\"1\" role=\"group\" aria-roledescription=\"slide\" aria-label=\"1 sur 5\" data-no-translation-aria-label=\"\">\n\t\t\t\t\t\t\t<div class=\"elementor-element elementor-element-46b9f49 e-flex e-con-boxed e-con e-child\" data-id=\"46b9f49\" data-element_type=\"container\">\n\t\t\t\t\t<div class=\"e-con-inner\">\n\t\t<div class=\"elementor-element elementor-element-c9d71b1 e-con-full e-flex e-con e-child\" data-id=\"c9d71b1\" data-element_type=\"container\" data-settings=\"{&quot;background_background&quot;:&quot;classic&quot;}\">\n\t\t<div class=\"elementor-element elementor-element-4b38f6f e-con-full e-flex e-con e-child\" data-id=\"4b38f6f\" data-element_type=\"container\">\n\t\t\t\t<div class=\"elementor-element elementor-element-3d6b3f5 elementor-widget elementor-widget-button\" data-id=\"3d6b3f5\" data-element_type=\"widget\" data-widget_type=\"button.default\">\n\t\t\t\t<div class=\"elementor-widget-container\">\n\t\t\t\t\t\t\t\t\t<div class=\"elementor-button-wrapper\">\n\t\t\t\t\t<a class=\"elementor-button elementor-button-link elementor-size-sm\" href=\"#\">\n\t\t\t\t\t\t<span class=\"elementor-button-content-wrapper\">\n\t\t\t\t\t\t\t\t\t<span class=\"elementor-button-text\">online<\/span>\n\t\t\t\t\t<\/span>\n\t\t\t\t\t<\/a>\n\t\t\t\t<\/div>\n\t\t\t\t\t\t\t\t<\/div>\n\t\t\t\t<\/div>\n\t\t\t\t<\/div>\n\t\t\t\t<div class=\"elementor-element elementor-element-32356fa elementor-widget__width-inherit elementor-widget elementor-widget-heading\" data-id=\"32356fa\" data-element_type=\"widget\" data-widget_type=\"heading.default\">\n\t\t\t\t<div class=\"elementor-widget-container\">\n\t\t\t\t\t<h2 class=\"elementor-heading-title elementor-size-default\">\nCours d\u2019anglais g\u00e9n\u00e9ral\n<\/h2>\t\t\t\t<\/div>\n\t\t\t\t<\/div>\n\t\t\t\t<div class=\"elementor-element elementor-element-e8a37ce elementor-widget__width-inherit limited-text-2 elementor-widget elementor-widget-text-editor\" data-id=\"e8a37ce\" data-element_type=\"widget\" data-widget_type=\"text-editor.default\">\n\t\t\t\t<div class=\"elementor-widget-container\">\n\t\t\t\t\t\t\t\t\t<div class=\"elementor-element elementor-element-cd335c6 elementor-widget elementor-widget-text-editor\" data-id=\"cd335c6\" data-element_type=\"widget\" data-widget_type=\"text-editor.default\"><div class=\"elementor-widget-container\"><p>Le cours d\u2019anglais g\u00e9n\u00e9ral est le cours principal de LingoFlow et le plus complet, couvrant tous les aspects de la langue : expression orale, compr\u00e9hension orale, lecture, \u00e9criture, grammaire et vocabulaire.<\/p><\/div><\/div>\t\t\t\t\t\t\t\t<\/div>\n\t\t\t\t<\/div>\n\t\t\t\t<div class=\"elementor-element elementor-element-69332b1 elementor-widget elementor-widget-tp-button\" data-id=\"69332b1\" data-element_type=\"widget\" data-widget_type=\"tp-button.default\">\n\t\t\t\t<div class=\"elementor-widget-container\">\n\t\t\t\t\t<div class=\"pt-plus-button-wrapper   text-center\"><div class=\"button_parallax\"><div id=\"button69d31171cfbfc\"  class=\"text-center ts-button content_hover_effect\" ><div class=\"pt_plus_button btn69d31171cfbfb button-style-9\"  ><div class=\"animted-content-inner\"><a href=\"\/fr\/courses\/general\/\" class=\"button-link-wrap\" role=\"button\" data-hover=\"Learn More\"  >Learn More<span class=\"btn-arrow\"><i class=\"fa-show fas fa-chevron-right\" aria-hidden=\"true\"><\/i><i class=\"fa-hide fas fa-chevron-right\" aria-hidden=\"true\"><\/i><\/span><\/a><\/div><\/div><\/div><\/div><\/div>\t\t\t\t<\/div>\n\t\t\t\t<\/div>\n\t\t\t\t<\/div>\n\t\t\t\t\t<\/div>\n\t\t\t\t<\/div>\n\t\t\t\t\t\t\t\t<\/div>\n\t\t\t\t\t\t\t\t\t\t\t<div class=\"swiper-slide\" data-slide=\"2\" role=\"group\" aria-roledescription=\"slide\" aria-label=\"2 sur 5\" data-no-translation-aria-label=\"\">\n\t\t\t\t\t\t\t<div class=\"elementor-element elementor-element-ce2671b e-flex e-con-boxed e-con e-child\" data-id=\"ce2671b\" data-element_type=\"container\">\n\t\t\t\t\t<div class=\"e-con-inner\">\n\t\t<div class=\"elementor-element elementor-element-0221af2 e-con-full e-flex e-con e-child\" data-id=\"0221af2\" data-element_type=\"container\" data-settings=\"{&quot;background_background&quot;:&quot;classic&quot;}\">\n\t\t<div class=\"elementor-element elementor-element-55880c6 e-con-full e-flex e-con e-child\" data-id=\"55880c6\" data-element_type=\"container\">\n\t\t<div class=\"elementor-element elementor-element-23cc689 e-con-full e-flex e-con e-child\" data-id=\"23cc689\" data-element_type=\"container\">\n\t\t\t\t<div class=\"elementor-element elementor-element-3c0536f elementor-widget elementor-widget-button\" data-id=\"3c0536f\" data-element_type=\"widget\" data-widget_type=\"button.default\">\n\t\t\t\t<div class=\"elementor-widget-container\">\n\t\t\t\t\t\t\t\t\t<div class=\"elementor-button-wrapper\">\n\t\t\t\t\t<a class=\"elementor-button elementor-button-link elementor-size-sm\" href=\"#\">\n\t\t\t\t\t\t<span class=\"elementor-button-content-wrapper\">\n\t\t\t\t\t\t\t\t\t<span class=\"elementor-button-text\">online<\/span>\n\t\t\t\t\t<\/span>\n\t\t\t\t\t<\/a>\n\t\t\t\t<\/div>\n\t\t\t\t\t\t\t\t<\/div>\n\t\t\t\t<\/div>\n\t\t\t\t<\/div>\n\t\t\t\t<\/div>\n\t\t\t\t<div class=\"elementor-element elementor-element-f605a6b elementor-widget__width-inherit elementor-widget elementor-widget-heading\" data-id=\"f605a6b\" data-element_type=\"widget\" data-widget_type=\"heading.default\">\n\t\t\t\t<div class=\"elementor-widget-container\">\n\t\t\t\t\t<h2 class=\"elementor-heading-title elementor-size-default\">\nCours de conversation\n<\/h2>\t\t\t\t<\/div>\n\t\t\t\t<\/div>\n\t\t\t\t<div class=\"elementor-element elementor-element-647c16b elementor-widget__width-inherit limited-text-2 elementor-widget elementor-widget-text-editor\" data-id=\"647c16b\" data-element_type=\"widget\" data-widget_type=\"text-editor.default\">\n\t\t\t\t<div class=\"elementor-widget-container\">\n\t\t\t\t\t\t\t\t\t<p>Notre cours de conversation est con\u00e7u pour aider les \u00e9tudiants \u00e0 am\u00e9liorer leurs comp\u00e9tences en anglais oral, que ce soit pour le travail ou pour des \u00e9tudes acad\u00e9miques<\/p>\t\t\t\t\t\t\t\t<\/div>\n\t\t\t\t<\/div>\n\t\t\t\t<div class=\"elementor-element elementor-element-9c95d6a elementor-widget elementor-widget-tp-button\" data-id=\"9c95d6a\" data-element_type=\"widget\" data-widget_type=\"tp-button.default\">\n\t\t\t\t<div class=\"elementor-widget-container\">\n\t\t\t\t\t<div class=\"pt-plus-button-wrapper   text-center\"><div class=\"button_parallax\"><div id=\"button69d31171d0717\"  class=\"text-center ts-button content_hover_effect\" ><div class=\"pt_plus_button btn69d31171d0716 button-style-9\"  ><div class=\"animted-content-inner\"><a href=\"\/fr\/courses\/speaking\/\" class=\"button-link-wrap\" role=\"button\" data-hover=\"Learn More\"  >Learn More<span class=\"btn-arrow\"><i class=\"fa-show fas fa-chevron-right\" aria-hidden=\"true\"><\/i><i class=\"fa-hide fas fa-chevron-right\" aria-hidden=\"true\"><\/i><\/span><\/a><\/div><\/div><\/div><\/div><\/div>\t\t\t\t<\/div>\n\t\t\t\t<\/div>\n\t\t\t\t<\/div>\n\t\t\t\t\t<\/div>\n\t\t\t\t<\/div>\n\t\t\t\t\t\t\t\t<\/div>\n\t\t\t\t\t\t\t\t\t\t\t<div class=\"swiper-slide\" data-slide=\"3\" role=\"group\" aria-roledescription=\"slide\" aria-label=\"3 sur 5\" data-no-translation-aria-label=\"\">\n\t\t\t\t\t\t\t<div class=\"elementor-element elementor-element-f4c2a89 e-flex e-con-boxed e-con e-child\" data-id=\"f4c2a89\" data-element_type=\"container\">\n\t\t\t\t\t<div class=\"e-con-inner\">\n\t\t<div class=\"elementor-element elementor-element-2c2d8cc e-con-full e-flex e-con e-child\" data-id=\"2c2d8cc\" data-element_type=\"container\" data-settings=\"{&quot;background_background&quot;:&quot;classic&quot;}\">\n\t\t<div class=\"elementor-element elementor-element-63a085b e-con-full e-flex e-con e-child\" data-id=\"63a085b\" data-element_type=\"container\">\n\t\t\t\t<div class=\"elementor-element elementor-element-31cd4f8 elementor-widget elementor-widget-button\" data-id=\"31cd4f8\" data-element_type=\"widget\" data-widget_type=\"button.default\">\n\t\t\t\t<div class=\"elementor-widget-container\">\n\t\t\t\t\t\t\t\t\t<div class=\"elementor-button-wrapper\">\n\t\t\t\t\t<a class=\"elementor-button elementor-button-link elementor-size-sm\" href=\"#\">\n\t\t\t\t\t\t<span class=\"elementor-button-content-wrapper\">\n\t\t\t\t\t\t\t\t\t<span class=\"elementor-button-text\">online<\/span>\n\t\t\t\t\t<\/span>\n\t\t\t\t\t<\/a>\n\t\t\t\t<\/div>\n\t\t\t\t\t\t\t\t<\/div>\n\t\t\t\t<\/div>\n\t\t\t\t<\/div>\n\t\t\t\t<div class=\"elementor-element elementor-element-53a740c elementor-widget__width-inherit elementor-widget elementor-widget-heading\" data-id=\"53a740c\" data-element_type=\"widget\" data-widget_type=\"heading.default\">\n\t\t\t\t<div class=\"elementor-widget-container\">\n\t\t\t\t\t<h2 class=\"elementor-heading-title elementor-size-default\">\nCours de Conversation Express\n<\/h2>\t\t\t\t<\/div>\n\t\t\t\t<\/div>\n\t\t\t\t<div class=\"elementor-element elementor-element-ed93dd1 elementor-widget__width-inherit limited-text elementor-widget elementor-widget-text-editor\" data-id=\"ed93dd1\" data-element_type=\"widget\" data-widget_type=\"text-editor.default\">\n\t\t\t\t<div class=\"elementor-widget-container\">\n\t\t\t\t\t\t\t\t\t<p>l n\u2019est pas rare qu\u2019un \u00e9tudiant trouve plus difficile d\u2019am\u00e9liorer son niveau d\u2019anglais parl\u00e9 que les autres composantes de la langue. Cela d\u00e9coule g\u00e9n\u00e9ralement d\u2019un manque de pratique de l\u2019oral dans la vie quotidienne.<\/p>\t\t\t\t\t\t\t\t<\/div>\n\t\t\t\t<\/div>\n\t\t\t\t<div class=\"elementor-element elementor-element-0c36771 elementor-widget elementor-widget-tp-button\" data-id=\"0c36771\" data-element_type=\"widget\" data-widget_type=\"tp-button.default\">\n\t\t\t\t<div class=\"elementor-widget-container\">\n\t\t\t\t\t<div class=\"pt-plus-button-wrapper   text-center\"><div class=\"button_parallax\"><div id=\"button69d31171d11d4\"  class=\"text-center ts-button content_hover_effect\" ><div class=\"pt_plus_button btn69d31171d11d3 button-style-9\"  ><div class=\"animted-content-inner\"><a href=\"\/fr\/courses\/express\/\" class=\"button-link-wrap\" role=\"button\" data-hover=\"Learn More\"  >Learn More<span class=\"btn-arrow\"><i class=\"fa-show fas fa-chevron-right\" aria-hidden=\"true\"><\/i><i class=\"fa-hide fas fa-chevron-right\" aria-hidden=\"true\"><\/i><\/span><\/a><\/div><\/div><\/div><\/div><\/div>\t\t\t\t<\/div>\n\t\t\t\t<\/div>\n\t\t\t\t<\/div>\n\t\t\t\t\t<\/div>\n\t\t\t\t<\/div>\n\t\t\t\t\t\t\t\t<\/div>\n\t\t\t\t\t\t\t\t\t\t\t<div class=\"swiper-slide\" data-slide=\"4\" role=\"group\" aria-roledescription=\"slide\" aria-label=\"4 sur 5\" data-no-translation-aria-label=\"\">\n\t\t\t\t\t\t\t<div class=\"elementor-element elementor-element-af4e8ac e-flex e-con-boxed e-con e-child\" data-id=\"af4e8ac\" data-element_type=\"container\">\n\t\t\t\t\t<div class=\"e-con-inner\">\n\t\t<div class=\"elementor-element elementor-element-1bd52af e-con-full e-flex e-con e-child\" data-id=\"1bd52af\" data-element_type=\"container\" data-settings=\"{&quot;background_background&quot;:&quot;classic&quot;}\">\n\t\t<div class=\"elementor-element elementor-element-ca39555 e-con-full e-flex e-con e-child\" data-id=\"ca39555\" data-element_type=\"container\">\n\t\t\t\t<div class=\"elementor-element elementor-element-2c5565e elementor-widget elementor-widget-button\" data-id=\"2c5565e\" data-element_type=\"widget\" data-widget_type=\"button.default\">\n\t\t\t\t<div class=\"elementor-widget-container\">\n\t\t\t\t\t\t\t\t\t<div class=\"elementor-button-wrapper\">\n\t\t\t\t\t<a class=\"elementor-button elementor-button-link elementor-size-sm\" href=\"#\">\n\t\t\t\t\t\t<span class=\"elementor-button-content-wrapper\">\n\t\t\t\t\t\t\t\t\t<span class=\"elementor-button-text\">online<\/span>\n\t\t\t\t\t<\/span>\n\t\t\t\t\t<\/a>\n\t\t\t\t<\/div>\n\t\t\t\t\t\t\t\t<\/div>\n\t\t\t\t<\/div>\n\t\t\t\t<\/div>\n\t\t\t\t<div class=\"elementor-element elementor-element-101a913 elementor-widget__width-inherit elementor-widget elementor-widget-heading\" data-id=\"101a913\" data-element_type=\"widget\" data-widget_type=\"heading.default\">\n\t\t\t\t<div class=\"elementor-widget-container\">\n\t\t\t\t\t<h2 class=\"elementor-heading-title elementor-size-default\">\nCours d\u2019anglais des affaires\n<\/h2>\t\t\t\t<\/div>\n\t\t\t\t<\/div>\n\t\t\t\t<div class=\"elementor-element elementor-element-c9755a9 elementor-widget__width-inherit limited-text elementor-widget elementor-widget-text-editor\" data-id=\"c9755a9\" data-element_type=\"widget\" data-widget_type=\"text-editor.default\">\n\t\t\t\t<div class=\"elementor-widget-container\">\n\t\t\t\t\t\t\t\t\t<p>Le cours d\u2019anglais des affaires s\u2019adresse aux professionnels qui souhaitent d\u00e9velopper leurs comp\u00e9tences linguistiques dans un contexte professionnel.<\/p>\t\t\t\t\t\t\t\t<\/div>\n\t\t\t\t<\/div>\n\t\t\t\t<div class=\"elementor-element elementor-element-474119a elementor-widget elementor-widget-tp-button\" data-id=\"474119a\" data-element_type=\"widget\" data-widget_type=\"tp-button.default\">\n\t\t\t\t<div class=\"elementor-widget-container\">\n\t\t\t\t\t<div class=\"pt-plus-button-wrapper   text-center\"><div class=\"button_parallax\"><div id=\"button69d31171d1c61\"  class=\"text-center ts-button content_hover_effect\" ><div class=\"pt_plus_button btn69d31171d1c60 button-style-9\"  ><div class=\"animted-content-inner\"><a href=\"\/fr\/courses\/business\/\" class=\"button-link-wrap\" role=\"button\" data-hover=\"Learn More\"  >Learn More<span class=\"btn-arrow\"><i class=\"fa-show fas fa-chevron-right\" aria-hidden=\"true\"><\/i><i class=\"fa-hide fas fa-chevron-right\" aria-hidden=\"true\"><\/i><\/span><\/a><\/div><\/div><\/div><\/div><\/div>\t\t\t\t<\/div>\n\t\t\t\t<\/div>\n\t\t\t\t<\/div>\n\t\t\t\t\t<\/div>\n\t\t\t\t<\/div>\n\t\t\t\t\t\t\t\t<\/div>\n\t\t\t\t\t\t\t\t\t\t\t<div class=\"swiper-slide\" data-slide=\"5\" role=\"group\" aria-roledescription=\"slide\" aria-label=\"5 sur 5\" data-no-translation-aria-label=\"\">\n\t\t\t\t\t\t\t<div class=\"elementor-element elementor-element-c24acb8 e-flex e-con-boxed e-con e-child\" data-id=\"c24acb8\" data-element_type=\"container\">\n\t\t\t\t\t<div class=\"e-con-inner\">\n\t\t<div class=\"elementor-element elementor-element-29c5640 e-con-full e-flex e-con e-child\" data-id=\"29c5640\" data-element_type=\"container\" data-settings=\"{&quot;background_background&quot;:&quot;classic&quot;}\">\n\t\t<div class=\"elementor-element elementor-element-2982f58 e-con-full e-flex e-con e-child\" data-id=\"2982f58\" data-element_type=\"container\">\n\t\t\t\t<div class=\"elementor-element elementor-element-15485e6 elementor-widget elementor-widget-button\" data-id=\"15485e6\" data-element_type=\"widget\" data-widget_type=\"button.default\">\n\t\t\t\t<div class=\"elementor-widget-container\">\n\t\t\t\t\t\t\t\t\t<div class=\"elementor-button-wrapper\">\n\t\t\t\t\t<a class=\"elementor-button elementor-button-link elementor-size-sm\" href=\"#\">\n\t\t\t\t\t\t<span class=\"elementor-button-content-wrapper\">\n\t\t\t\t\t\t\t\t\t<span class=\"elementor-button-text\">online<\/span>\n\t\t\t\t\t<\/span>\n\t\t\t\t\t<\/a>\n\t\t\t\t<\/div>\n\t\t\t\t\t\t\t\t<\/div>\n\t\t\t\t<\/div>\n\t\t\t\t<\/div>\n\t\t\t\t<div class=\"elementor-element elementor-element-6297d20 elementor-widget__width-inherit elementor-widget elementor-widget-heading\" data-id=\"6297d20\" data-element_type=\"widget\" data-widget_type=\"heading.default\">\n\t\t\t\t<div class=\"elementor-widget-container\">\n\t\t\t\t\t<h2 class=\"elementor-heading-title elementor-size-default\">\nCours de conversation en anglais des affaires\n<\/h2>\t\t\t\t<\/div>\n\t\t\t\t<\/div>\n\t\t\t\t<div class=\"elementor-element elementor-element-5bd8e6d elementor-widget__width-inherit limited-text elementor-widget elementor-widget-text-editor\" data-id=\"5bd8e6d\" data-element_type=\"widget\" data-widget_type=\"text-editor.default\">\n\t\t\t\t<div class=\"elementor-widget-container\">\n\t\t\t\t\t\t\t\t\t<p>Le Cours de conversation en affaires est un programme intensif d\u2019anglais con\u00e7u pour les professionnels occup\u00e9s souhaitant d\u00e9velopper des comp\u00e9tences essentielles dans le monde des affaires, tout en am\u00e9liorant leur ma\u00eetrise de la langue<\/p>\t\t\t\t\t\t\t\t<\/div>\n\t\t\t\t<\/div>\n\t\t\t\t<div class=\"elementor-element elementor-element-f6d4775 elementor-widget elementor-widget-tp-button\" data-id=\"f6d4775\" data-element_type=\"widget\" data-widget_type=\"tp-button.default\">\n\t\t\t\t<div class=\"elementor-widget-container\">\n\t\t\t\t\t<div class=\"pt-plus-button-wrapper   text-center\"><div class=\"button_parallax\"><div id=\"button69d31171d26f8\"  class=\"text-center ts-button content_hover_effect\" ><div class=\"pt_plus_button btn69d31171d26f7 button-style-9\"  ><div class=\"animted-content-inner\"><a href=\"\/fr\/courses\/express-business\/\" class=\"button-link-wrap\" role=\"button\" data-hover=\"Learn More\"  >Learn More<span class=\"btn-arrow\"><i class=\"fa-show fas fa-chevron-right\" aria-hidden=\"true\"><\/i><i class=\"fa-hide fas fa-chevron-right\" aria-hidden=\"true\"><\/i><\/span><\/a><\/div><\/div><\/div><\/div><\/div>\t\t\t\t<\/div>\n\t\t\t\t<\/div>\n\t\t\t\t<\/div>\n\t\t\t\t\t<\/div>\n\t\t\t\t<\/div>\n\t\t\t\t\t\t\t\t<\/div>\n\t\t\t\t\t\t\t\t<\/div>\n\t\t<\/div>\n\t\t\t\t\t<div class=\"elementor-swiper-button elementor-swiper-button-prev\" role=\"button\" tabindex=\"0\" aria-label=\"Pr\u00e9c\u00e9dent\" data-no-translation-aria-label=\"\">\n\t\t\t\t<i aria-hidden=\"true\" class=\"ri ri-arrow-left-line\"><\/i>\t\t\t<\/div>\n\t\t\t<div class=\"elementor-swiper-button elementor-swiper-button-next\" role=\"button\" tabindex=\"0\" aria-label=\"Suivant\" data-no-translation-aria-label=\"\">\n\t\t\t\t<i aria-hidden=\"true\" class=\"ri ri-arrow-right-line\"><\/i>\t\t\t<\/div>\n\t\t\t\t\t\t<\/div>\n\t\t\t\t<\/div>\n\t\t\t\t\t<\/div>\n\t\t\t\t<\/div>\n\t\t\t\t<\/div>","protected":false},"excerpt":{"rendered":"<p>Home \/ Courses online Cours d\u2019anglais g\u00e9n\u00e9ral Le cours d\u2019anglais g\u00e9n\u00e9ral est le cours principal de LingoFlow et le plus complet, couvrant tous les aspects de la langue : expression orale, compr\u00e9hension orale, lecture, \u00e9criture, grammaire et vocabulaire. Learn More online Cours de conversation Notre cours de conversation est con\u00e7u pour aider les \u00e9tudiants \u00e0&#8230;<\/p>","protected":false},"author":4,"featured_media":0,"parent":0,"menu_order":0,"comment_status":"closed","ping_status":"closed","template":"elementor_header_footer","meta":{"_acf_changed":false,"footnotes":""},"class_list":["post-720200","page","type-page","status-publish","hentry"],"acf":[],"_hostinger_reach_plugin_has_subscription_block":false,"_hostinger_reach_plugin_is_elementor":false,"_links":{"self":[{"href":"https:\/\/lingoflow.org\/fr\/wp-json\/wp\/v2\/pages\/720200","targetHints":{"allow":["GET"]}}],"collection":[{"href":"https:\/\/lingoflow.org\/fr\/wp-json\/wp\/v2\/pages"}],"about":[{"href":"https:\/\/lingoflow.org\/fr\/wp-json\/wp\/v2\/types\/page"}],"author":[{"embeddable":true,"href":"https:\/\/lingoflow.org\/fr\/wp-json\/wp\/v2\/users\/4"}],"replies":[{"embeddable":true,"href":"https:\/\/lingoflow.org\/fr\/wp-json\/wp\/v2\/comments?post=720200"}],"version-history":[{"count":14,"href":"https:\/\/lingoflow.org\/fr\/wp-json\/wp\/v2\/pages\/720200\/revisions"}],"predecessor-version":[{"id":971599,"href":"https:\/\/lingoflow.org\/fr\/wp-json\/wp\/v2\/pages\/720200\/revisions\/971599"}],"wp:attachment":[{"href":"https:\/\/lingoflow.org\/fr\/wp-json\/wp\/v2\/media?parent=720200"}],"curies":[{"name":"wp","href":"https:\/\/api.w.org\/{rel}","templated":true}]}}