{"id":719939,"date":"2023-10-30T16:40:04","date_gmt":"2023-10-30T12:40:04","guid":{"rendered":"https:\/\/lingoflow.org\/?page_id=719939"},"modified":"2025-12-30T14:16:09","modified_gmt":"2025-12-30T10:16:09","slug":"ingilizce-kurslari","status":"publish","type":"page","link":"https:\/\/lingoflow.org\/tr\/ingilizce-kurslari\/","title":{"rendered":"\u0130ngilizce Kurslar\u0131"},"content":{"rendered":"<div data-elementor-type=\"wp-page\" data-elementor-id=\"719939\" class=\"elementor elementor-719939 elementor-27316\" data-elementor-post-type=\"page\">\n\t\t\t\t<div class=\"elementor-element elementor-element-7f269c0b e-con-full e-flex e-con e-parent\" data-id=\"7f269c0b\" data-element_type=\"container\" data-settings=\"{&quot;background_background&quot;:&quot;classic&quot;,&quot;background_motion_fx_motion_fx_mouse&quot;:&quot;yes&quot;,&quot;background_motion_fx_mouseTrack_effect&quot;:&quot;yes&quot;,&quot;background_motion_fx_mouseTrack_speed&quot;:{&quot;unit&quot;:&quot;px&quot;,&quot;size&quot;:0.5,&quot;sizes&quot;:[]},&quot;animation&quot;:&quot;none&quot;}\">\n\t\t<div class=\"elementor-element elementor-element-5e3e1307 e-con-full e-flex e-con e-child\" data-id=\"5e3e1307\" data-element_type=\"container\" data-settings=\"{&quot;background_background&quot;:&quot;classic&quot;}\">\n\t\t\t\t<div class=\"elementor-element elementor-element-7bfd5abf elementor-icon-list--layout-inline elementor-align-left elementor-list-item-link-full_width elementor-invisible elementor-widget elementor-widget-icon-list\" data-id=\"7bfd5abf\" data-element_type=\"widget\" data-settings=\"{&quot;_animation&quot;:&quot;edublink--slide-down&quot;}\" data-widget_type=\"icon-list.default\">\n\t\t\t\t<div class=\"elementor-widget-container\">\n\t\t\t\t\t\t\t<ul class=\"elementor-icon-list-items elementor-inline-items\">\n\t\t\t\t\t\t\t<li class=\"elementor-icon-list-item elementor-inline-item\">\n\t\t\t\t\t\t\t\t\t\t\t<a href=\"https:\/\/lingoflow.org\/tr\">\n\n\t\t\t\t\t\t\t\t\t\t\t<span class=\"elementor-icon-list-text\">Home<\/span>\n\t\t\t\t\t\t\t\t\t\t\t<\/a>\n\t\t\t\t\t\t\t\t\t<\/li>\n\t\t\t\t\t\t\t\t<li class=\"elementor-icon-list-item elementor-inline-item\">\n\t\t\t\t\t\t\t\t\t\t<span class=\"elementor-icon-list-text\">\/<\/span>\n\t\t\t\t\t\t\t\t\t<\/li>\n\t\t\t\t\t\t\t\t<li class=\"elementor-icon-list-item elementor-inline-item\">\n\t\t\t\t\t\t\t\t\t\t<span class=\"elementor-icon-list-text\">Courses<\/span>\n\t\t\t\t\t\t\t\t\t<\/li>\n\t\t\t\t\t\t<\/ul>\n\t\t\t\t\t\t<\/div>\n\t\t\t\t<\/div>\n\t\t\t\t<\/div>\n\t\t\t\t<\/div>\n\t\t<div class=\"elementor-element elementor-element-b41e46c e-flex e-con-boxed elementor-invisible e-con e-parent\" data-id=\"b41e46c\" data-element_type=\"container\" data-settings=\"{&quot;animation&quot;:&quot;edublink--slide-up&quot;,&quot;background_background&quot;:&quot;classic&quot;}\">\n\t\t\t\t\t<div class=\"e-con-inner\">\n\t\t\t\t<div class=\"elementor-element elementor-element-12ccda7 elementor-widget-mobile__width-inherit elementor-widget elementor-widget-edublink-heading\" data-id=\"12ccda7\" data-element_type=\"widget\" data-widget_type=\"edublink-heading.default\">\n\t\t\t\t<div class=\"elementor-widget-container\">\n\t\t\t\t\t<div class=\"edublink-section-heading\"><h2 class=\"heading\">\u0130ngilizce Kurslar\u0131 <\/h2><\/div>\t\t\t\t<\/div>\n\t\t\t\t<\/div>\n\t\t\t\t<div class=\"elementor-element elementor-element-20100a0 elementor-widget__width-inherit elementor-widget elementor-widget-n-carousel\" data-id=\"20100a0\" data-element_type=\"widget\" data-settings=\"{&quot;carousel_items&quot;:[{&quot;slide_title&quot;:&quot;\\u10d6\\u10dd\\u10d2\\u10d0\\u10d3\\u10d8 \\u10d8\\u10dc\\u10d2\\u10da\\u10d8\\u10e1\\u10e3\\u10e0\\u10d8\\u10e1 \\u10d9\\u10e3\\u10e0\\u10e1\\u10d8&quot;,&quot;_id&quot;:&quot;91c27ad&quot;},{&quot;slide_title&quot;:&quot;Slide #2&quot;,&quot;_id&quot;:&quot;9639512&quot;},{&quot;slide_title&quot;:&quot;Slide #3&quot;,&quot;_id&quot;:&quot;db42b9b&quot;},{&quot;_id&quot;:&quot;843a0d2&quot;,&quot;slide_title&quot;:&quot;Slide #4&quot;},{&quot;_id&quot;:&quot;169d507&quot;,&quot;slide_title&quot;:&quot;Slide #5&quot;}],&quot;slides_to_show&quot;:&quot;5&quot;,&quot;slides_to_show_tablet_extra&quot;:&quot;3&quot;,&quot;slides_to_show_tablet&quot;:&quot;3&quot;,&quot;slides_to_show_mobile_extra&quot;:&quot;2&quot;,&quot;image_spacing_custom&quot;:{&quot;unit&quot;:&quot;px&quot;,&quot;size&quot;:&quot;&quot;,&quot;sizes&quot;:[]},&quot;slides_to_show_mobile&quot;:&quot;1&quot;,&quot;autoplay&quot;:&quot;yes&quot;,&quot;autoplay_speed&quot;:5000,&quot;pause_on_hover&quot;:&quot;yes&quot;,&quot;pause_on_interaction&quot;:&quot;yes&quot;,&quot;infinite&quot;:&quot;yes&quot;,&quot;speed&quot;:500,&quot;offset_sides&quot;:&quot;none&quot;,&quot;image_spacing_custom_tablet_extra&quot;:{&quot;unit&quot;:&quot;px&quot;,&quot;size&quot;:&quot;&quot;,&quot;sizes&quot;:[]},&quot;image_spacing_custom_tablet&quot;:{&quot;unit&quot;:&quot;px&quot;,&quot;size&quot;:&quot;&quot;,&quot;sizes&quot;:[]},&quot;image_spacing_custom_mobile_extra&quot;:{&quot;unit&quot;:&quot;px&quot;,&quot;size&quot;:&quot;&quot;,&quot;sizes&quot;:[]},&quot;image_spacing_custom_mobile&quot;:{&quot;unit&quot;:&quot;px&quot;,&quot;size&quot;:&quot;&quot;,&quot;sizes&quot;:[]}}\" data-widget_type=\"nested-carousel.default\">\n\t\t\t\t<div class=\"elementor-widget-container\">\n\t\t\t\t\t\t\t<div class=\"e-n-carousel swiper\" role=\"region\" aria-roledescription=\"carousel\" aria-label=\"Carousel\" dir=\"ltr\">\n\t\t\t<div class=\"swiper-wrapper\" aria-live=\"off\">\n\t\t\t\t\t\t\t\t\t\t<div class=\"swiper-slide\" data-slide=\"1\" role=\"group\" aria-roledescription=\"slide\" aria-label=\"1 of 5\" data-no-translation-aria-label=\"\">\n\t\t\t\t\t\t\t<div class=\"elementor-element elementor-element-32991fd e-flex e-con-boxed e-con e-child\" data-id=\"32991fd\" data-element_type=\"container\">\n\t\t\t\t\t<div class=\"e-con-inner\">\n\t\t<div class=\"elementor-element elementor-element-14d99d0 e-con-full e-flex e-con e-child\" data-id=\"14d99d0\" data-element_type=\"container\" data-settings=\"{&quot;background_background&quot;:&quot;classic&quot;}\">\n\t\t<div class=\"elementor-element elementor-element-c8fc860 e-con-full e-flex e-con e-child\" data-id=\"c8fc860\" data-element_type=\"container\">\n\t\t\t\t<div class=\"elementor-element elementor-element-7526af9 elementor-widget elementor-widget-button\" data-id=\"7526af9\" data-element_type=\"widget\" data-widget_type=\"button.default\">\n\t\t\t\t<div class=\"elementor-widget-container\">\n\t\t\t\t\t\t\t\t\t<div class=\"elementor-button-wrapper\">\n\t\t\t\t\t<a class=\"elementor-button elementor-button-link elementor-size-sm\" href=\"#\">\n\t\t\t\t\t\t<span class=\"elementor-button-content-wrapper\">\n\t\t\t\t\t\t\t\t\t<span class=\"elementor-button-text\">online<\/span>\n\t\t\t\t\t<\/span>\n\t\t\t\t\t<\/a>\n\t\t\t\t<\/div>\n\t\t\t\t\t\t\t\t<\/div>\n\t\t\t\t<\/div>\n\t\t\t\t<\/div>\n\t\t\t\t<div class=\"elementor-element elementor-element-9098a7e elementor-widget__width-inherit elementor-widget elementor-widget-heading\" data-id=\"9098a7e\" data-element_type=\"widget\" data-widget_type=\"heading.default\">\n\t\t\t\t<div class=\"elementor-widget-container\">\n\t\t\t\t\t<h2 class=\"elementor-heading-title elementor-size-default\">Genel \u0130ngilizce Kursu <\/h2>\t\t\t\t<\/div>\n\t\t\t\t<\/div>\n\t\t\t\t<div class=\"elementor-element elementor-element-680ac53 elementor-widget__width-inherit limited-text-2 elementor-widget elementor-widget-text-editor\" data-id=\"680ac53\" data-element_type=\"widget\" data-widget_type=\"text-editor.default\">\n\t\t\t\t<div class=\"elementor-widget-container\">\n\t\t\t\t\t\t\t\t\t<p>Genel \u0130ngilizce kursu, LingoFlow\u2019un temel ve dilin t\u00fcm bile\u015fenlerini kapsayan en kapsaml\u0131 kursudur ve \u015fu b\u00f6l\u00fcmleri i\u00e7erir: Konu\u015fma, Dinleme, Okuma, Yazma, Dilbilgisi ve Kelime bilgisi.<\/p>\t\t\t\t\t\t\t\t<\/div>\n\t\t\t\t<\/div>\n\t\t\t\t<div class=\"elementor-element elementor-element-4d40e2c elementor-widget elementor-widget-tp-button\" data-id=\"4d40e2c\" data-element_type=\"widget\" data-widget_type=\"tp-button.default\">\n\t\t\t\t<div class=\"elementor-widget-container\">\n\t\t\t\t\t<div class=\"pt-plus-button-wrapper   text-center\"><div class=\"button_parallax\"><div id=\"button69d31123742b1\"  class=\"text-center ts-button content_hover_effect\" ><div class=\"pt_plus_button btn69d31123742b0 button-style-9\"  ><div class=\"animted-content-inner\"><a href=\"\/tr\/courses\/general\/\" class=\"button-link-wrap\" role=\"button\" data-hover=\"Learn More\"  >Learn More<span class=\"btn-arrow\"><i class=\"fa-show fas fa-chevron-right\" aria-hidden=\"true\"><\/i><i class=\"fa-hide fas fa-chevron-right\" aria-hidden=\"true\"><\/i><\/span><\/a><\/div><\/div><\/div><\/div><\/div>\t\t\t\t<\/div>\n\t\t\t\t<\/div>\n\t\t\t\t<\/div>\n\t\t\t\t\t<\/div>\n\t\t\t\t<\/div>\n\t\t\t\t\t\t\t\t<\/div>\n\t\t\t\t\t\t\t\t\t\t\t<div class=\"swiper-slide\" data-slide=\"2\" role=\"group\" aria-roledescription=\"slide\" aria-label=\"2 of 5\" data-no-translation-aria-label=\"\">\n\t\t\t\t\t\t\t<div class=\"elementor-element elementor-element-6ea944e e-flex e-con-boxed e-con e-child\" data-id=\"6ea944e\" data-element_type=\"container\">\n\t\t\t\t\t<div class=\"e-con-inner\">\n\t\t<div class=\"elementor-element elementor-element-7af7791 e-con-full e-flex e-con e-child\" data-id=\"7af7791\" data-element_type=\"container\" data-settings=\"{&quot;background_background&quot;:&quot;classic&quot;}\">\n\t\t<div class=\"elementor-element elementor-element-9df5f67 e-con-full e-flex e-con e-child\" data-id=\"9df5f67\" data-element_type=\"container\">\n\t\t<div class=\"elementor-element elementor-element-d1fd2f2 e-con-full e-flex e-con e-child\" data-id=\"d1fd2f2\" data-element_type=\"container\">\n\t\t\t\t<div class=\"elementor-element elementor-element-284ef98 elementor-widget elementor-widget-button\" data-id=\"284ef98\" data-element_type=\"widget\" data-widget_type=\"button.default\">\n\t\t\t\t<div class=\"elementor-widget-container\">\n\t\t\t\t\t\t\t\t\t<div class=\"elementor-button-wrapper\">\n\t\t\t\t\t<a class=\"elementor-button elementor-button-link elementor-size-sm\" href=\"#\">\n\t\t\t\t\t\t<span class=\"elementor-button-content-wrapper\">\n\t\t\t\t\t\t\t\t\t<span class=\"elementor-button-text\">online<\/span>\n\t\t\t\t\t<\/span>\n\t\t\t\t\t<\/a>\n\t\t\t\t<\/div>\n\t\t\t\t\t\t\t\t<\/div>\n\t\t\t\t<\/div>\n\t\t\t\t<\/div>\n\t\t\t\t<\/div>\n\t\t\t\t<div class=\"elementor-element elementor-element-bfd4648 elementor-widget__width-inherit elementor-widget elementor-widget-heading\" data-id=\"bfd4648\" data-element_type=\"widget\" data-widget_type=\"heading.default\">\n\t\t\t\t<div class=\"elementor-widget-container\">\n\t\t\t\t\t<h2 class=\"elementor-heading-title elementor-size-default\">Konu\u015fma Kursu <\/h2>\t\t\t\t<\/div>\n\t\t\t\t<\/div>\n\t\t\t\t<div class=\"elementor-element elementor-element-553f484 elementor-widget__width-inherit limited-text-2 elementor-widget elementor-widget-text-editor\" data-id=\"553f484\" data-element_type=\"widget\" data-widget_type=\"text-editor.default\">\n\t\t\t\t<div class=\"elementor-widget-container\">\n\t\t\t\t\t\t\t\t\t<p>LingoFlow&#8217;da konu\u015fma kursu, \u00f6\u011frencilerin i\u015f veya akademik ama\u00e7lar i\u00e7in \u0130ngilizce konu\u015fma becerilerini geli\u015ftirmelerine yard\u0131mc\u0131 olacak \u015fekilde tasarlanm\u0131\u015ft\u0131r.<\/p>\t\t\t\t\t\t\t\t<\/div>\n\t\t\t\t<\/div>\n\t\t\t\t<div class=\"elementor-element elementor-element-553ba45 elementor-widget elementor-widget-tp-button\" data-id=\"553ba45\" data-element_type=\"widget\" data-widget_type=\"tp-button.default\">\n\t\t\t\t<div class=\"elementor-widget-container\">\n\t\t\t\t\t<div class=\"pt-plus-button-wrapper   text-center\"><div class=\"button_parallax\"><div id=\"button69d311237546c\"  class=\"text-center ts-button content_hover_effect\" ><div class=\"pt_plus_button btn69d311237546a button-style-9\"  ><div class=\"animted-content-inner\"><a href=\"\/tr\/courses\/speaking\/\" class=\"button-link-wrap\" role=\"button\" data-hover=\"Learn More\"  >Learn More<span class=\"btn-arrow\"><i class=\"fa-show fas fa-chevron-right\" aria-hidden=\"true\"><\/i><i class=\"fa-hide fas fa-chevron-right\" aria-hidden=\"true\"><\/i><\/span><\/a><\/div><\/div><\/div><\/div><\/div>\t\t\t\t<\/div>\n\t\t\t\t<\/div>\n\t\t\t\t<\/div>\n\t\t\t\t\t<\/div>\n\t\t\t\t<\/div>\n\t\t\t\t\t\t\t\t<\/div>\n\t\t\t\t\t\t\t\t\t\t\t<div class=\"swiper-slide\" data-slide=\"3\" role=\"group\" aria-roledescription=\"slide\" aria-label=\"3 of 5\" data-no-translation-aria-label=\"\">\n\t\t\t\t\t\t\t<div class=\"elementor-element elementor-element-a7e7da6 e-flex e-con-boxed e-con e-child\" data-id=\"a7e7da6\" data-element_type=\"container\">\n\t\t\t\t\t<div class=\"e-con-inner\">\n\t\t<div class=\"elementor-element elementor-element-6212b02 e-con-full e-flex e-con e-child\" data-id=\"6212b02\" data-element_type=\"container\" data-settings=\"{&quot;background_background&quot;:&quot;classic&quot;}\">\n\t\t<div class=\"elementor-element elementor-element-82b34a9 e-con-full e-flex e-con e-child\" data-id=\"82b34a9\" data-element_type=\"container\">\n\t\t\t\t<div class=\"elementor-element elementor-element-3b01e72 elementor-widget elementor-widget-button\" data-id=\"3b01e72\" data-element_type=\"widget\" data-widget_type=\"button.default\">\n\t\t\t\t<div class=\"elementor-widget-container\">\n\t\t\t\t\t\t\t\t\t<div class=\"elementor-button-wrapper\">\n\t\t\t\t\t<a class=\"elementor-button elementor-button-link elementor-size-sm\" href=\"#\">\n\t\t\t\t\t\t<span class=\"elementor-button-content-wrapper\">\n\t\t\t\t\t\t\t\t\t<span class=\"elementor-button-text\">online<\/span>\n\t\t\t\t\t<\/span>\n\t\t\t\t\t<\/a>\n\t\t\t\t<\/div>\n\t\t\t\t\t\t\t\t<\/div>\n\t\t\t\t<\/div>\n\t\t\t\t<\/div>\n\t\t\t\t<div class=\"elementor-element elementor-element-21b8ff7 elementor-widget__width-inherit elementor-widget elementor-widget-heading\" data-id=\"21b8ff7\" data-element_type=\"widget\" data-widget_type=\"heading.default\">\n\t\t\t\t<div class=\"elementor-widget-container\">\n\t\t\t\t\t<h2 class=\"elementor-heading-title elementor-size-default\">H\u0131zland\u0131r\u0131lm\u0131\u015f Konu\u015fma Kursu <\/h2>\t\t\t\t<\/div>\n\t\t\t\t<\/div>\n\t\t\t\t<div class=\"elementor-element elementor-element-5b6469e elementor-widget__width-inherit limited-text elementor-widget elementor-widget-text-editor\" data-id=\"5b6469e\" data-element_type=\"widget\" data-widget_type=\"text-editor.default\">\n\t\t\t\t<div class=\"elementor-widget-container\">\n\t\t\t\t\t\t\t\t\t<p>\u0130ngilizce\u2019de konu\u015fma seviyesi dinleme, okuma vs. gibi dilin di\u011fer bile\u015fenlerine g\u00f6re daha zor geli\u015fmektedir. Bunun en \u00f6nemli nedeni, g\u00fcnl\u00fck hayat\u0131m\u0131zda konu\u015fma prati\u011finin yeterince yap\u0131lmamas\u0131d\u0131r.<\/p>\t\t\t\t\t\t\t\t<\/div>\n\t\t\t\t<\/div>\n\t\t\t\t<div class=\"elementor-element elementor-element-f8a0c95 elementor-widget elementor-widget-tp-button\" data-id=\"f8a0c95\" data-element_type=\"widget\" data-widget_type=\"tp-button.default\">\n\t\t\t\t<div class=\"elementor-widget-container\">\n\t\t\t\t\t<div class=\"pt-plus-button-wrapper   text-center\"><div class=\"button_parallax\"><div id=\"button69d31123765f0\"  class=\"text-center ts-button content_hover_effect\" ><div class=\"pt_plus_button btn69d31123765ef button-style-9\"  ><div class=\"animted-content-inner\"><a href=\"\/tr\/courses\/express\/\" class=\"button-link-wrap\" role=\"button\" data-hover=\"Learn More\"  >Learn More<span class=\"btn-arrow\"><i class=\"fa-show fas fa-chevron-right\" aria-hidden=\"true\"><\/i><i class=\"fa-hide fas fa-chevron-right\" aria-hidden=\"true\"><\/i><\/span><\/a><\/div><\/div><\/div><\/div><\/div>\t\t\t\t<\/div>\n\t\t\t\t<\/div>\n\t\t\t\t<\/div>\n\t\t\t\t\t<\/div>\n\t\t\t\t<\/div>\n\t\t\t\t\t\t\t\t<\/div>\n\t\t\t\t\t\t\t\t\t\t\t<div class=\"swiper-slide\" data-slide=\"4\" role=\"group\" aria-roledescription=\"slide\" aria-label=\"4 of 5\" data-no-translation-aria-label=\"\">\n\t\t\t\t\t\t\t<div class=\"elementor-element elementor-element-99b9476 e-flex e-con-boxed e-con e-child\" data-id=\"99b9476\" data-element_type=\"container\">\n\t\t\t\t\t<div class=\"e-con-inner\">\n\t\t<div class=\"elementor-element elementor-element-34cf91c e-con-full e-flex e-con e-child\" data-id=\"34cf91c\" data-element_type=\"container\" data-settings=\"{&quot;background_background&quot;:&quot;classic&quot;}\">\n\t\t<div class=\"elementor-element elementor-element-ff9d140 e-con-full e-flex e-con e-child\" data-id=\"ff9d140\" data-element_type=\"container\">\n\t\t\t\t<div class=\"elementor-element elementor-element-e89222f elementor-widget elementor-widget-button\" data-id=\"e89222f\" data-element_type=\"widget\" data-widget_type=\"button.default\">\n\t\t\t\t<div class=\"elementor-widget-container\">\n\t\t\t\t\t\t\t\t\t<div class=\"elementor-button-wrapper\">\n\t\t\t\t\t<a class=\"elementor-button elementor-button-link elementor-size-sm\" href=\"#\">\n\t\t\t\t\t\t<span class=\"elementor-button-content-wrapper\">\n\t\t\t\t\t\t\t\t\t<span class=\"elementor-button-text\">online<\/span>\n\t\t\t\t\t<\/span>\n\t\t\t\t\t<\/a>\n\t\t\t\t<\/div>\n\t\t\t\t\t\t\t\t<\/div>\n\t\t\t\t<\/div>\n\t\t\t\t<\/div>\n\t\t\t\t<div class=\"elementor-element elementor-element-e972478 elementor-widget__width-inherit elementor-widget elementor-widget-heading\" data-id=\"e972478\" data-element_type=\"widget\" data-widget_type=\"heading.default\">\n\t\t\t\t<div class=\"elementor-widget-container\">\n\t\t\t\t\t<h2 class=\"elementor-heading-title elementor-size-default\">\u0130\u015f \u0130ngilizcesi Kursu <\/h2>\t\t\t\t<\/div>\n\t\t\t\t<\/div>\n\t\t\t\t<div class=\"elementor-element elementor-element-7a9ad5e elementor-widget__width-inherit limited-text elementor-widget elementor-widget-text-editor\" data-id=\"7a9ad5e\" data-element_type=\"widget\" data-widget_type=\"text-editor.default\">\n\t\t\t\t<div class=\"elementor-widget-container\">\n\t\t\t\t\t\t\t\t\t<p>LingoFlow&#8217;un \u0130\u015f \u0130ngilizcesi kursu, i\u015f d\u00fcnyas\u0131nda \u0130ngilizce becerilerini geli\u015ftirmek isteyen profesyoneller i\u00e7in \u00f6zel olarak tasarlanm\u0131\u015ft\u0131r.<\/p>\t\t\t\t\t\t\t\t<\/div>\n\t\t\t\t<\/div>\n\t\t\t\t<div class=\"elementor-element elementor-element-cf77d0b elementor-widget elementor-widget-tp-button\" data-id=\"cf77d0b\" data-element_type=\"widget\" data-widget_type=\"tp-button.default\">\n\t\t\t\t<div class=\"elementor-widget-container\">\n\t\t\t\t\t<div class=\"pt-plus-button-wrapper   text-center\"><div class=\"button_parallax\"><div id=\"button69d31123777b1\"  class=\"text-center ts-button content_hover_effect\" ><div class=\"pt_plus_button btn69d31123777b0 button-style-9\"  ><div class=\"animted-content-inner\"><a href=\"\/tr\/courses\/business\/\" class=\"button-link-wrap\" role=\"button\" data-hover=\"Learn More\"  >Learn More<span class=\"btn-arrow\"><i class=\"fa-show fas fa-chevron-right\" aria-hidden=\"true\"><\/i><i class=\"fa-hide fas fa-chevron-right\" aria-hidden=\"true\"><\/i><\/span><\/a><\/div><\/div><\/div><\/div><\/div>\t\t\t\t<\/div>\n\t\t\t\t<\/div>\n\t\t\t\t<\/div>\n\t\t\t\t\t<\/div>\n\t\t\t\t<\/div>\n\t\t\t\t\t\t\t\t<\/div>\n\t\t\t\t\t\t\t\t\t\t\t<div class=\"swiper-slide\" data-slide=\"5\" role=\"group\" aria-roledescription=\"slide\" aria-label=\"5 of 5\" data-no-translation-aria-label=\"\">\n\t\t\t\t\t\t\t<div class=\"elementor-element elementor-element-4753766 e-flex e-con-boxed e-con e-child\" data-id=\"4753766\" data-element_type=\"container\">\n\t\t\t\t\t<div class=\"e-con-inner\">\n\t\t<div class=\"elementor-element elementor-element-1181ea2 e-con-full e-flex e-con e-child\" data-id=\"1181ea2\" data-element_type=\"container\" data-settings=\"{&quot;background_background&quot;:&quot;classic&quot;}\">\n\t\t<div class=\"elementor-element elementor-element-7412244 e-con-full e-flex e-con e-child\" data-id=\"7412244\" data-element_type=\"container\">\n\t\t\t\t<div class=\"elementor-element elementor-element-000cf02 elementor-widget elementor-widget-button\" data-id=\"000cf02\" data-element_type=\"widget\" data-widget_type=\"button.default\">\n\t\t\t\t<div class=\"elementor-widget-container\">\n\t\t\t\t\t\t\t\t\t<div class=\"elementor-button-wrapper\">\n\t\t\t\t\t<a class=\"elementor-button elementor-button-link elementor-size-sm\" href=\"#\">\n\t\t\t\t\t\t<span class=\"elementor-button-content-wrapper\">\n\t\t\t\t\t\t\t\t\t<span class=\"elementor-button-text\">online<\/span>\n\t\t\t\t\t<\/span>\n\t\t\t\t\t<\/a>\n\t\t\t\t<\/div>\n\t\t\t\t\t\t\t\t<\/div>\n\t\t\t\t<\/div>\n\t\t\t\t<\/div>\n\t\t\t\t<div class=\"elementor-element elementor-element-a78e6e5 elementor-widget__width-inherit elementor-widget elementor-widget-heading\" data-id=\"a78e6e5\" data-element_type=\"widget\" data-widget_type=\"heading.default\">\n\t\t\t\t<div class=\"elementor-widget-container\">\n\t\t\t\t\t<h2 class=\"elementor-heading-title elementor-size-default\">\u0130\u015f \u0130ngilizcesi Konu\u015fma Kursu <\/h2>\t\t\t\t<\/div>\n\t\t\t\t<\/div>\n\t\t\t\t<div class=\"elementor-element elementor-element-5b4b3aa elementor-widget__width-inherit limited-text elementor-widget elementor-widget-text-editor\" data-id=\"5b4b3aa\" data-element_type=\"widget\" data-widget_type=\"text-editor.default\">\n\t\t\t\t<div class=\"elementor-widget-container\">\n\t\t\t\t\t\t\t\t\t<p>\u0130\u015f \u0130ngilizcesi Konu\u015fma Kursu, yo\u011fun programlar\u0131 olan ve \u0130ngilizce yeterliliklerinin yan\u0131 s\u0131ra temel i\u015f becerilerini geli\u015ftirmek isteyen bireyler i\u00e7in tasarlanm\u0131\u015f h\u0131zl\u0131 bir \u0130ngilizce kursudur<\/p>\t\t\t\t\t\t\t\t<\/div>\n\t\t\t\t<\/div>\n\t\t\t\t<div class=\"elementor-element elementor-element-e54af6b elementor-widget elementor-widget-tp-button\" data-id=\"e54af6b\" data-element_type=\"widget\" data-widget_type=\"tp-button.default\">\n\t\t\t\t<div class=\"elementor-widget-container\">\n\t\t\t\t\t<div class=\"pt-plus-button-wrapper   text-center\"><div class=\"button_parallax\"><div id=\"button69d311237891b\"  class=\"text-center ts-button content_hover_effect\" ><div class=\"pt_plus_button btn69d311237891a button-style-9\"  ><div class=\"animted-content-inner\"><a href=\"\/tr\/courses\/express-business\/\" class=\"button-link-wrap\" role=\"button\" data-hover=\"Learn More\"  >Learn More<span class=\"btn-arrow\"><i class=\"fa-show fas fa-chevron-right\" aria-hidden=\"true\"><\/i><i class=\"fa-hide fas fa-chevron-right\" aria-hidden=\"true\"><\/i><\/span><\/a><\/div><\/div><\/div><\/div><\/div>\t\t\t\t<\/div>\n\t\t\t\t<\/div>\n\t\t\t\t<\/div>\n\t\t\t\t\t<\/div>\n\t\t\t\t<\/div>\n\t\t\t\t\t\t\t\t<\/div>\n\t\t\t\t\t\t\t\t<\/div>\n\t\t<\/div>\n\t\t\t\t\t\t<\/div>\n\t\t\t\t<\/div>\n\t\t\t\t\t<\/div>\n\t\t\t\t<\/div>\n\t\t\t\t<\/div>","protected":false},"excerpt":{"rendered":"<p>Home \/ Courses \u0130ngilizce Kurslar\u0131 online Genel \u0130ngilizce Kursu Genel \u0130ngilizce kursu, LingoFlow\u2019un temel ve dilin t\u00fcm bile\u015fenlerini kapsayan en kapsaml\u0131 kursudur ve \u015fu b\u00f6l\u00fcmleri i\u00e7erir: Konu\u015fma, Dinleme, Okuma, Yazma, Dilbilgisi ve Kelime bilgisi. Learn More online Konu\u015fma Kursu LingoFlow&#8217;da konu\u015fma kursu, \u00f6\u011frencilerin i\u015f veya akademik ama\u00e7lar i\u00e7in \u0130ngilizce konu\u015fma becerilerini geli\u015ftirmelerine yard\u0131mc\u0131 olacak \u015fekilde&#8230;<\/p>","protected":false},"author":4,"featured_media":0,"parent":0,"menu_order":0,"comment_status":"closed","ping_status":"closed","template":"elementor_header_footer","meta":{"_acf_changed":false,"footnotes":""},"class_list":["post-719939","page","type-page","status-publish","hentry"],"acf":[],"_hostinger_reach_plugin_has_subscription_block":false,"_hostinger_reach_plugin_is_elementor":false,"_links":{"self":[{"href":"https:\/\/lingoflow.org\/tr\/wp-json\/wp\/v2\/pages\/719939","targetHints":{"allow":["GET"]}}],"collection":[{"href":"https:\/\/lingoflow.org\/tr\/wp-json\/wp\/v2\/pages"}],"about":[{"href":"https:\/\/lingoflow.org\/tr\/wp-json\/wp\/v2\/types\/page"}],"author":[{"embeddable":true,"href":"https:\/\/lingoflow.org\/tr\/wp-json\/wp\/v2\/users\/4"}],"replies":[{"embeddable":true,"href":"https:\/\/lingoflow.org\/tr\/wp-json\/wp\/v2\/comments?post=719939"}],"version-history":[{"count":10,"href":"https:\/\/lingoflow.org\/tr\/wp-json\/wp\/v2\/pages\/719939\/revisions"}],"predecessor-version":[{"id":971503,"href":"https:\/\/lingoflow.org\/tr\/wp-json\/wp\/v2\/pages\/719939\/revisions\/971503"}],"wp:attachment":[{"href":"https:\/\/lingoflow.org\/tr\/wp-json\/wp\/v2\/media?parent=719939"}],"curies":[{"name":"wp","href":"https:\/\/api.w.org\/{rel}","templated":true}]}}